{"id":560,"date":"2013-12-21T17:43:06","date_gmt":"2013-12-21T22:43:06","guid":{"rendered":"http:\/\/astpierre.a.aliquando.immo\/?page_id=560"},"modified":"2015-03-27T13:44:40","modified_gmt":"2015-03-27T17:44:40","slug":"calculateur-de-prime-schl","status":"publish","type":"page","link":"https:\/\/astpierre.a.aliquando.immo\/en\/outils\/calculateur-de-prime-schl\/","title":{"rendered":"Calculateur de prime SCHL"},"content":{"rendered":"<p><\/p>\n<p><a href=\"http:\/\/www.cmhc-schl.gc.ca\/fr\/co\/aclo\/aclo_013.cfm\" target=\"_blank\">Calculateur de prime SCHL<\/a><\/p>\n<p>La prime d&#8217;assurance pr\u00eat hypoth\u00e9caire exig\u00e9e par la SCHL correspond \u00e0 un pourcentage du montant du pr\u00eat, \u00e9tabli en fonction de l&#8217;importance de la mise de fonds.<\/p>\n<p>Servez-vous de cet outil pour obtenir une estimation.<\/p>\n<p>&nbsp;<\/p>\n<p><\/p>","protected":false},"excerpt":{"rendered":"<p>Calculateur de prime SCHL La prime d&#8217;assurance pr\u00eat hypoth\u00e9caire exig\u00e9e par la SCHL correspond \u00e0 un pourcentage du montant du pr\u00eat, \u00e9tabli en fonction de l&#8217;importance de la mise de fonds. Servez-vous de cet outil pour obtenir une estimation. &nbsp;<\/p>\n","protected":false},"author":544,"featured_media":0,"parent":226,"menu_order":4,"comment_status":"open","ping_status":"open","template":"","meta":{"_acf_changed":false,"footnotes":""},"class_list":["post-560","page","type-page","status-publish","hentry"],"acf":[],"_links":{"self":[{"href":"https:\/\/astpierre.a.aliquando.immo\/en\/wp-json\/wp\/v2\/pages\/560","targetHints":{"allow":["GET"]}}],"collection":[{"href":"https:\/\/astpierre.a.aliquando.immo\/en\/wp-json\/wp\/v2\/pages"}],"about":[{"href":"https:\/\/astpierre.a.aliquando.immo\/en\/wp-json\/wp\/v2\/types\/page"}],"author":[{"embeddable":true,"href":"https:\/\/astpierre.a.aliquando.immo\/en\/wp-json\/wp\/v2\/users\/544"}],"replies":[{"embeddable":true,"href":"https:\/\/astpierre.a.aliquando.immo\/en\/wp-json\/wp\/v2\/comments?post=560"}],"version-history":[{"count":3,"href":"https:\/\/astpierre.a.aliquando.immo\/en\/wp-json\/wp\/v2\/pages\/560\/revisions"}],"predecessor-version":[{"id":563,"href":"https:\/\/astpierre.a.aliquando.immo\/en\/wp-json\/wp\/v2\/pages\/560\/revisions\/563"}],"up":[{"embeddable":true,"href":"https:\/\/astpierre.a.aliquando.immo\/en\/wp-json\/wp\/v2\/pages\/226"}],"wp:attachment":[{"href":"https:\/\/astpierre.a.aliquando.immo\/en\/wp-json\/wp\/v2\/media?parent=560"}],"curies":[{"name":"wp","href":"https:\/\/api.w.org\/{rel}","templated":true}]}}